{"id":1997,"date":"2025-05-19T12:18:55","date_gmt":"2025-05-19T12:18:55","guid":{"rendered":"https:\/\/findinteriors.com\/?post_type=product&#038;p=1997"},"modified":"2025-05-19T12:18:55","modified_gmt":"2025-05-19T12:18:55","slug":"resin-floor-standing-decor","status":"publish","type":"product","link":"https:\/\/findinteriors.com\/index.php\/product\/resin-floor-standing-decor\/","title":{"rendered":"Resin Floor Standing D\u00e9cor,"},"content":{"rendered":"","protected":false},"excerpt":{"rendered":"<p>1pc Modern Abstract Resin Floor Standing Sculpture with Tray \u2013 Black &amp; Golden Minimalist Design for Living Room, Entryway, or TV Stand D\u00e9cor, Minimalist Home D\u00e9cor, Entryway Accent, Sophisticated D\u00e9cor, Sleek Craftsmanship<\/p>\n","protected":false},"featured_media":1999,"comment_status":"open","ping_status":"closed","template":"","meta":[],"product_brand":[69],"product_cat":[22],"product_tag":[],"class_list":{"0":"post-1997","1":"product","2":"type-product","3":"status-publish","4":"has-post-thumbnail","6":"product_brand-fi","7":"product_cat-decor","9":"first","10":"instock","11":"sale","12":"taxable","13":"shipping-taxable","14":"purchasable","15":"product-type-simple"},"supplier_id":null,"supplier_sku":"","barcode":null,"atum_controlled":true,"out_stock_date":null,"out_stock_threshold":null,"inheritable":false,"inbound_stock":null,"stock_on_hold":0,"sold_today":0,"sales_last_days":0,"reserved_stock":null,"customer_returns":null,"warehouse_damage":null,"lost_in_post":null,"other_logs":null,"out_stock_days":0,"lost_sales":0,"has_location":false,"update_date":"2026-04-21T01:37:22","atum_locations":[],"atum_stock_status":"instock","restock_status":false,"low_stock_amount":"","sales_update_date":"2026-04-21T01:37:22","calc_backorders":null,"_links":{"self":[{"href":"https:\/\/findinteriors.com\/index.php\/wp-json\/wp\/v2\/product\/1997","targetHints":{"allow":["GET"]}}],"collection":[{"href":"https:\/\/findinteriors.com\/index.php\/wp-json\/wp\/v2\/product"}],"about":[{"href":"https:\/\/findinteriors.com\/index.php\/wp-json\/wp\/v2\/types\/product"}],"replies":[{"embeddable":true,"href":"https:\/\/findinteriors.com\/index.php\/wp-json\/wp\/v2\/comments?post=1997"}],"version-history":[{"count":1,"href":"https:\/\/findinteriors.com\/index.php\/wp-json\/wp\/v2\/product\/1997\/revisions"}],"predecessor-version":[{"id":2010,"href":"https:\/\/findinteriors.com\/index.php\/wp-json\/wp\/v2\/product\/1997\/revisions\/2010"}],"wp:featuredmedia":[{"embeddable":true,"href":"https:\/\/findinteriors.com\/index.php\/wp-json\/wp\/v2\/media\/1999"}],"wp:attachment":[{"href":"https:\/\/findinteriors.com\/index.php\/wp-json\/wp\/v2\/media?parent=1997"}],"wp:term":[{"taxonomy":"product_brand","embeddable":true,"href":"https:\/\/findinteriors.com\/index.php\/wp-json\/wp\/v2\/product_brand?post=1997"},{"taxonomy":"product_cat","embeddable":true,"href":"https:\/\/findinteriors.com\/index.php\/wp-json\/wp\/v2\/product_cat?post=1997"},{"taxonomy":"product_tag","embeddable":true,"href":"https:\/\/findinteriors.com\/index.php\/wp-json\/wp\/v2\/product_tag?post=1997"}],"curies":[{"name":"wp","href":"https:\/\/api.w.org\/{rel}","templated":true}]}}